{"id":61,"date":"2025-10-23T10:34:20","date_gmt":"2025-10-23T10:34:20","guid":{"rendered":"https:\/\/kifb.info\/?page_id=61"},"modified":"2025-10-23T10:34:20","modified_gmt":"2025-10-23T10:34:20","slug":"teilprojekt-fit-fur-den-ruhestand","status":"publish","type":"page","link":"https:\/\/kifb.info\/index.php\/teilprojekt-fit-fur-den-ruhestand\/","title":{"rendered":"Teilprojekt: Fit f\u00fcr den Ruhestand"},"content":{"rendered":"\n<div style=\"height:34px\" aria-hidden=\"true\" class=\"wp-block-spacer\"><\/div>\n\n\n\n<h3 class=\"wp-block-heading has-accent-5-background-color has-background\"><strong>Finanzwissen f\u00fcr die Zukunft<\/strong><\/h3>\n\n\n\n<p class=\"has-accent-5-background-color has-background\">Das Teilprojekt <em>\u201eFit f\u00fcr den Ruhestand\u201c<\/em> widmet sich der Frage, wie KI-gest\u00fctzte Chatbots Menschen dabei unterst\u00fctzen k\u00f6nnen, sich \u00fcber Altersvorsorge zu informieren \u2013 individuell, verst\u00e4ndlich und praxisnah.<\/p>\n\n\n\n<h2 class=\"wp-block-heading\">Ziel und Zielgruppen<\/h2>\n\n\n\n<p>Ziel ist es, Nutzer*innen zu helfen, die eigene Rentenl\u00fccke besser zu verstehen und M\u00f6glichkeiten zur finanziellen Absicherung kennenzulernen \u2013 von der Budgetplanung bis zu grundlegenden Informationen \u00fcber Anlage- und Versicherungsformen.<\/p>\n\n\n\n<p>Die Zielgruppen reichen von Berufst\u00e4tigen, die sich fr\u00fchzeitig mit dem Thema Rente auseinandersetzen m\u00f6chten, bis zu Menschen \u00fcber 60, die kurz vor dem Ruhestand stehen und ihre M\u00f6glichkeiten pr\u00fcfen wollen.<\/p>\n\n\n\n<h2 class=\"wp-block-heading\">Inhalte und Nutzen<\/h2>\n\n\n\n<p>Der Chatbot vermittelt grundlegendes Wissen zur gesetzlichen Rentenversicherung sowie zu Themen wie Kapitalmarkt, Geldanlage, Versicherungen und Einsparpotenzialen.<br>Er bietet keine Finanzberatung, sondern Orientierung und Wissensaufbau \u2013 mit dem Ziel, Entscheidungen im Bereich Altersvorsorge besser einordnen zu k\u00f6nnen.<\/p>\n\n\n\n<div style=\"height:32px\" aria-hidden=\"true\" class=\"wp-block-spacer\"><\/div>\n\n\n\n<div class=\"wp-block-buttons is-layout-flex wp-block-buttons-is-layout-flex\">\n<div class=\"wp-block-button\"><a class=\"wp-block-button__link wp-element-button\" href=\"https:\/\/kifb.info\/?page_id=14&amp;preview=true\">Zur Projekt\u00fcbersicht<\/a><\/div>\n<\/div>\n\n\n\n<p><\/p>\n","protected":false},"excerpt":{"rendered":"<p>Finanzwissen f\u00fcr die Zukunft Das Teilprojekt \u201eFit f\u00fcr den Ruhestand\u201c widmet sich der Frage, wie KI-gest\u00fctzte Chatbots Menschen dabei unterst\u00fctzen k\u00f6nnen, sich \u00fcber Altersvorsorge zu informieren \u2013 individuell, verst\u00e4ndlich und praxisnah. Ziel und Zielgruppen Ziel ist es, Nutzer*innen zu helfen, die eigene Rentenl\u00fccke besser zu verstehen und M\u00f6glichkeiten zur finanziellen Absicherung kennenzulernen \u2013 von der [&hellip;]<\/p>\n","protected":false},"author":1,"featured_media":0,"parent":0,"menu_order":0,"comment_status":"closed","ping_status":"closed","template":"","meta":{"footnotes":""},"class_list":["post-61","page","type-page","status-publish","hentry"],"_links":{"self":[{"href":"https:\/\/kifb.info\/index.php\/wp-json\/wp\/v2\/pages\/61","targetHints":{"allow":["GET"]}}],"collection":[{"href":"https:\/\/kifb.info\/index.php\/wp-json\/wp\/v2\/pages"}],"about":[{"href":"https:\/\/kifb.info\/index.php\/wp-json\/wp\/v2\/types\/page"}],"author":[{"embeddable":true,"href":"https:\/\/kifb.info\/index.php\/wp-json\/wp\/v2\/users\/1"}],"replies":[{"embeddable":true,"href":"https:\/\/kifb.info\/index.php\/wp-json\/wp\/v2\/comments?post=61"}],"version-history":[{"count":10,"href":"https:\/\/kifb.info\/index.php\/wp-json\/wp\/v2\/pages\/61\/revisions"}],"predecessor-version":[{"id":193,"href":"https:\/\/kifb.info\/index.php\/wp-json\/wp\/v2\/pages\/61\/revisions\/193"}],"wp:attachment":[{"href":"https:\/\/kifb.info\/index.php\/wp-json\/wp\/v2\/media?parent=61"}],"curies":[{"name":"wp","href":"https:\/\/api.w.org\/{rel}","templated":true}]}}