{"id":59,"date":"2025-10-23T10:34:27","date_gmt":"2025-10-23T10:34:27","guid":{"rendered":"https:\/\/kifb.info\/?page_id=59"},"modified":"2025-10-23T10:34:27","modified_gmt":"2025-10-23T10:34:27","slug":"teilprojekt-unterstutzung-fur-menschen-mit-uberschuldungsrisiko","status":"publish","type":"page","link":"https:\/\/kifb.info\/index.php\/teilprojekt-unterstutzung-fur-menschen-mit-uberschuldungsrisiko\/","title":{"rendered":"Teilprojekt: Unterst\u00fctzung f\u00fcr Menschen mit \u00dcberschuldungsrisiko"},"content":{"rendered":"\n<div style=\"height:32px\" aria-hidden=\"true\" class=\"wp-block-spacer\"><\/div>\n\n\n\n<h3 class=\"wp-block-heading has-accent-5-background-color has-background\"><strong>Unterst\u00fctzung in schwierigen Lebenslagen<\/strong><\/h3>\n\n\n\n<p class=\"has-accent-5-background-color has-background\">Viele Menschen suchen erst dann Hilfe, wenn ihre finanzielle Situation bereits kritisch ist.<br>Hier setzt das Teilprojekt an: Ein KI-gest\u00fctzter Chatbot soll Ratsuchenden einen niedrigschwelligen Zugang zu Erstinformationen und Unterst\u00fctzung bieten \u2013 auch au\u00dferhalb der \u00d6ffnungszeiten von Beratungsstellen.<\/p>\n\n\n\n<div style=\"height:34px\" aria-hidden=\"true\" class=\"wp-block-spacer\"><\/div>\n\n\n\n<h2 class=\"wp-block-heading\">Ziel und Funktion<\/h2>\n\n\n\n<p>Der Chatbot beantwortet h\u00e4ufige Fragen, gibt erste Einsch\u00e4tzungen zur individuellen Situation und kann bei Bedarf an reale Beratungsangebote weiterleiten.<br>So werden Beratende entlastet und Betroffene erhalten schneller Zugang zu Orientierung und Hilfe.<\/p>\n\n\n\n<div style=\"height:33px\" aria-hidden=\"true\" class=\"wp-block-spacer\"><\/div>\n\n\n\n<h2 class=\"wp-block-heading\">Lern und Aufkl\u00e4rungspaket<\/h2>\n\n\n\n<p>Dar\u00fcber hinaus vermittelt der Chatbot grundlegendes Wissen rund um Themen wie Schuldenregulierung und Insolvenzverfahren.<br>Er unterst\u00fctzt Ratsuchende dabei, ihre finanzielle Lage besser zu verstehen \u2013 und bef\u00e4higt sie, aktiv an L\u00f6sungen mitzuwirken.<\/p>\n\n\n\n<div style=\"height:31px\" aria-hidden=\"true\" class=\"wp-block-spacer\"><\/div>\n\n\n\n<div class=\"wp-block-buttons is-layout-flex wp-block-buttons-is-layout-flex\">\n<div class=\"wp-block-button\"><a class=\"wp-block-button__link wp-element-button\" href=\"https:\/\/kifb.info\/?page_id=14&amp;preview=true\">Zur Projekt\u00fcbersicht<\/a><\/div>\n\n\n\n<div class=\"wp-block-button\"><a class=\"wp-block-button__link wp-element-button\" href=\"https:\/\/app.kifb.info\/use-cases\/3\">Zum Chatbot<\/a><\/div>\n<\/div>\n\n\n\n<div style=\"height:40px\" aria-hidden=\"true\" class=\"wp-block-spacer\"><\/div>\n\n\n\n<p><\/p>\n","protected":false},"excerpt":{"rendered":"<p>Unterst\u00fctzung in schwierigen Lebenslagen Viele Menschen suchen erst dann Hilfe, wenn ihre finanzielle Situation bereits kritisch ist.Hier setzt das Teilprojekt an: Ein KI-gest\u00fctzter Chatbot soll Ratsuchenden einen niedrigschwelligen Zugang zu Erstinformationen und Unterst\u00fctzung bieten \u2013 auch au\u00dferhalb der \u00d6ffnungszeiten von Beratungsstellen. Ziel und Funktion Der Chatbot beantwortet h\u00e4ufige Fragen, gibt erste Einsch\u00e4tzungen zur individuellen Situation [&hellip;]<\/p>\n","protected":false},"author":1,"featured_media":0,"parent":0,"menu_order":0,"comment_status":"closed","ping_status":"closed","template":"","meta":{"footnotes":""},"class_list":["post-59","page","type-page","status-publish","hentry"],"_links":{"self":[{"href":"https:\/\/kifb.info\/index.php\/wp-json\/wp\/v2\/pages\/59","targetHints":{"allow":["GET"]}}],"collection":[{"href":"https:\/\/kifb.info\/index.php\/wp-json\/wp\/v2\/pages"}],"about":[{"href":"https:\/\/kifb.info\/index.php\/wp-json\/wp\/v2\/types\/page"}],"author":[{"embeddable":true,"href":"https:\/\/kifb.info\/index.php\/wp-json\/wp\/v2\/users\/1"}],"replies":[{"embeddable":true,"href":"https:\/\/kifb.info\/index.php\/wp-json\/wp\/v2\/comments?post=59"}],"version-history":[{"count":9,"href":"https:\/\/kifb.info\/index.php\/wp-json\/wp\/v2\/pages\/59\/revisions"}],"predecessor-version":[{"id":197,"href":"https:\/\/kifb.info\/index.php\/wp-json\/wp\/v2\/pages\/59\/revisions\/197"}],"wp:attachment":[{"href":"https:\/\/kifb.info\/index.php\/wp-json\/wp\/v2\/media?parent=59"}],"curies":[{"name":"wp","href":"https:\/\/api.w.org\/{rel}","templated":true}]}}