{"id":44,"date":"2025-10-23T10:34:06","date_gmt":"2025-10-23T10:34:06","guid":{"rendered":"https:\/\/kifb.info\/?page_id=44"},"modified":"2025-10-23T10:34:06","modified_gmt":"2025-10-23T10:34:06","slug":"teilprojekt-finanzielle-bildung-fur-schulerinnen","status":"publish","type":"page","link":"https:\/\/kifb.info\/index.php\/teilprojekt-finanzielle-bildung-fur-schulerinnen\/","title":{"rendered":"Teilprojekt: Finanzielle Bildung f\u00fcr Sch\u00fcler*innen"},"content":{"rendered":"\n<div style=\"height:22px\" aria-hidden=\"true\" class=\"wp-block-spacer\"><\/div>\n\n\n\n<h3 class=\"wp-block-heading has-accent-5-background-color has-background\"><strong>Wie k\u00f6nnen Jugendliche fr\u00fchzeitig lernen, verantwortungsvoll mit Geld umzugehen?<\/strong><\/h3>\n\n\n\n<p class=\"has-accent-5-background-color has-background\"><br>In diesem Teilprojekt wird ein Chatbot entwickelt, der Sch\u00fcler*innen der Sekundarstufe I und II dabei unterst\u00fctzt, finanzielle Grundkenntnisse zu erwerben und \u00dcberschuldung vorzubeugen.<\/p>\n\n\n\n<h2 class=\"wp-block-heading has-base-background-color has-background\">Was der Chatbot leistet<\/h2>\n\n\n\n<p class=\"is-style-default\">Der Chatbot bietet dialogbasierte Lerninhalte zu Themen wie Budgetplanung, Konsumverhalten und Krediten \u2013 individuell angepasst an das jeweilige Bildungsniveau.<br>So entsteht ein interaktives Lernangebot, das junge Menschen bef\u00e4higt, eigene Finanzentscheidungen kritisch und selbstbewusst zu treffen.<\/p>\n\n\n\n<div style=\"height:30px\" aria-hidden=\"true\" class=\"wp-block-spacer\"><\/div>\n\n\n\n<div class=\"wp-block-buttons is-layout-flex wp-block-buttons-is-layout-flex\">\n<div class=\"wp-block-button\"><a class=\"wp-block-button__link wp-element-button\" href=\"https:\/\/kifb.info\/?page_id=14&amp;preview=true\">Zur Projekt\u00fcbersicht<\/a><\/div>\n\n\n\n<div class=\"wp-block-button\"><a class=\"wp-block-button__link wp-element-button\" href=\"https:\/\/app.kifb.info\/use-cases\/1\">Zum Chatbot<\/a><\/div>\n<\/div>\n\n\n\n<div style=\"height:26px\" aria-hidden=\"true\" class=\"wp-block-spacer\"><\/div>\n\n\n\n<p><\/p>\n","protected":false},"excerpt":{"rendered":"<p>Wie k\u00f6nnen Jugendliche fr\u00fchzeitig lernen, verantwortungsvoll mit Geld umzugehen? In diesem Teilprojekt wird ein Chatbot entwickelt, der Sch\u00fcler*innen der Sekundarstufe I und II dabei unterst\u00fctzt, finanzielle Grundkenntnisse zu erwerben und \u00dcberschuldung vorzubeugen. Was der Chatbot leistet Der Chatbot bietet dialogbasierte Lerninhalte zu Themen wie Budgetplanung, Konsumverhalten und Krediten \u2013 individuell angepasst an das jeweilige Bildungsniveau.So [&hellip;]<\/p>\n","protected":false},"author":1,"featured_media":0,"parent":0,"menu_order":0,"comment_status":"closed","ping_status":"closed","template":"","meta":{"footnotes":""},"class_list":["post-44","page","type-page","status-publish","hentry"],"_links":{"self":[{"href":"https:\/\/kifb.info\/index.php\/wp-json\/wp\/v2\/pages\/44","targetHints":{"allow":["GET"]}}],"collection":[{"href":"https:\/\/kifb.info\/index.php\/wp-json\/wp\/v2\/pages"}],"about":[{"href":"https:\/\/kifb.info\/index.php\/wp-json\/wp\/v2\/types\/page"}],"author":[{"embeddable":true,"href":"https:\/\/kifb.info\/index.php\/wp-json\/wp\/v2\/users\/1"}],"replies":[{"embeddable":true,"href":"https:\/\/kifb.info\/index.php\/wp-json\/wp\/v2\/comments?post=44"}],"version-history":[{"count":13,"href":"https:\/\/kifb.info\/index.php\/wp-json\/wp\/v2\/pages\/44\/revisions"}],"predecessor-version":[{"id":196,"href":"https:\/\/kifb.info\/index.php\/wp-json\/wp\/v2\/pages\/44\/revisions\/196"}],"wp:attachment":[{"href":"https:\/\/kifb.info\/index.php\/wp-json\/wp\/v2\/media?parent=44"}],"curies":[{"name":"wp","href":"https:\/\/api.w.org\/{rel}","templated":true}]}}