{"id":3,"date":"2025-10-08T19:19:51","date_gmt":"2025-10-08T19:19:51","guid":{"rendered":"https:\/\/kifb.info\/?page_id=3"},"modified":"2025-10-22T11:54:30","modified_gmt":"2025-10-22T11:54:30","slug":"privacy-policy","status":"publish","type":"page","link":"https:\/\/kifb.info\/index.php\/privacy-policy\/","title":{"rendered":"Privacy Policy"},"content":{"rendered":"\n<h2 class=\"wp-block-heading\">Verantwortliche Stelle<\/h2>\n\n\n\n<p>Friedrich-Alexander-Universit\u00e4t Erlangen-N\u00fcrnberg (FAU)<br>Lehrstuhl f\u00fcr Didaktik der Wirtschaft und Recht<br>Regensburger Stra\u00dfe 160 <br>90478 N\u00fcrnberg<\/p>\n\n\n\n<h2 class=\"wp-block-heading\">Zweck der Datenerhebung<\/h2>\n\n\n\n<p>Unsere Website dient der Information \u00fcber das Forschungsprojekt K\u00fcnstliche Intelligenz und finanzielle Bildung (KIfB).<br>Beim Aufruf der Seiten werden automatisch technische Daten (z. B. IP-Adresse, Browsertyp, Besuchszeit) erhoben, um die Website bereitzustellen.<\/p>\n\n\n\n<h2 class=\"wp-block-heading\">Rechtsgrundlage<\/h2>\n\n\n\n<p>Art. 6 Abs. 1 lit. e DSGVO i. V. m. Art. 2 BayDSG<\/p>\n\n\n\n<h2 class=\"wp-block-heading\">Empf\u00e4nger und Weitergabe<\/h2>\n\n\n\n<p>Eine Weitergabe der Daten an Dritte erfolgt nicht.<\/p>\n\n\n\n<h2 class=\"wp-block-heading\">Cookies und Plugins<\/h2>\n\n\n\n<p>Unsere Website verwendet keine Tracking- oder Analyse-Cookies.<br>Eingebettete Inhalte (z. B. Videos) stammen ausschlie\u00dflich von sicheren Quellen und werden erst geladen, wenn Sie sie aktiv aufrufen.<\/p>\n\n\n\n<h2 class=\"wp-block-heading\">Betroffenenrechte<\/h2>\n\n\n\n<p>Sie haben das Recht auf Auskunft, Berichtigung, L\u00f6schung und Einschr\u00e4nkung der Verarbeitung Ihrer personenbezogenen Daten.<br><\/p>\n\n\n\n<h2 class=\"wp-block-heading\">Hosting-Hinweis<\/h2>\n\n\n\n<p>Die Website wird gehostet auf den Servern von netcup GmbH<\/p>\n\n\n\n<p>netcup GmbH<br>Emmy-Noether-Stra\u00dfe 10<br>D-76131 Karlsruhe<\/p>\n\n\n\n<p>Telefon: +49 721 \/ 7540755 &#8211; 0 Telefax: +49 721 \/ 7540755 &#8211; 9<\/p>\n\n\n\n<p>Web: www.netcup.com<\/p>\n\n\n\n<p>E-Mail: mail@netcup.de<\/p>\n\n\n\n<p>Handelsregister: HRB 705547, Amtsgericht Mannheim<br><\/p>\n\n\n\n<h2 class=\"wp-block-heading\">Letzte Aktualisierung<\/h2>\n\n\n\n<p>Stand: 21.10.2025<\/p>\n\n\n\n<p><\/p>\n","protected":false},"excerpt":{"rendered":"<p>Verantwortliche Stelle Friedrich-Alexander-Universit\u00e4t Erlangen-N\u00fcrnberg (FAU)Lehrstuhl f\u00fcr Didaktik der Wirtschaft und RechtRegensburger Stra\u00dfe 160 90478 N\u00fcrnberg Zweck der Datenerhebung Unsere Website dient der Information \u00fcber das Forschungsprojekt K\u00fcnstliche Intelligenz und finanzielle Bildung (KIfB).Beim Aufruf der Seiten werden automatisch technische Daten (z. B. IP-Adresse, Browsertyp, Besuchszeit) erhoben, um die Website bereitzustellen. Rechtsgrundlage Art. 6 Abs. 1 lit. [&hellip;]<\/p>\n","protected":false},"author":1,"featured_media":0,"parent":0,"menu_order":0,"comment_status":"closed","ping_status":"open","template":"","meta":{"footnotes":""},"class_list":["post-3","page","type-page","status-publish","hentry"],"_links":{"self":[{"href":"https:\/\/kifb.info\/index.php\/wp-json\/wp\/v2\/pages\/3","targetHints":{"allow":["GET"]}}],"collection":[{"href":"https:\/\/kifb.info\/index.php\/wp-json\/wp\/v2\/pages"}],"about":[{"href":"https:\/\/kifb.info\/index.php\/wp-json\/wp\/v2\/types\/page"}],"author":[{"embeddable":true,"href":"https:\/\/kifb.info\/index.php\/wp-json\/wp\/v2\/users\/1"}],"replies":[{"embeddable":true,"href":"https:\/\/kifb.info\/index.php\/wp-json\/wp\/v2\/comments?post=3"}],"version-history":[{"count":7,"href":"https:\/\/kifb.info\/index.php\/wp-json\/wp\/v2\/pages\/3\/revisions"}],"predecessor-version":[{"id":185,"href":"https:\/\/kifb.info\/index.php\/wp-json\/wp\/v2\/pages\/3\/revisions\/185"}],"wp:attachment":[{"href":"https:\/\/kifb.info\/index.php\/wp-json\/wp\/v2\/media?parent=3"}],"curies":[{"name":"wp","href":"https:\/\/api.w.org\/{rel}","templated":true}]}}