{"id":28,"date":"2025-10-22T11:05:47","date_gmt":"2025-10-22T11:05:47","guid":{"rendered":"https:\/\/kifb.info\/?page_id=28"},"modified":"2025-10-23T10:33:17","modified_gmt":"2025-10-23T10:33:17","slug":"__trashed-2","status":"publish","type":"page","link":"https:\/\/kifb.info\/index.php\/__trashed-2\/","title":{"rendered":"Impressum"},"content":{"rendered":"\n<div class=\"wp-block-group alignfull is-layout-flow wp-block-group-is-layout-flow\">\n<div style=\"height:25px\" aria-hidden=\"true\" class=\"wp-block-spacer\"><\/div>\n<\/div>\n\n\n\n<div class=\"wp-block-group alignfull has-global-padding is-layout-constrained wp-block-group-is-layout-constrained\" style=\"margin-top:0;margin-bottom:0\">\n<div class=\"wp-block-columns alignwide is-layout-flex wp-container-core-columns-is-layout-65e523f9 wp-block-columns-is-layout-flex\">\n<div class=\"wp-block-column is-layout-flow wp-block-column-is-layout-flow\" style=\"flex-basis:66.66%\">\n<div class=\"wp-block-query is-layout-flow wp-block-query-is-layout-flow\"><\/div>\n<\/div>\n\n\n\n<div class=\"wp-block-column is-layout-flow wp-block-column-is-layout-flow\" style=\"flex-basis:33.33%\"><\/div>\n<\/div>\n<\/div>\n\n\n\n<div class=\"wp-block-group alignfull has-global-padding is-layout-constrained wp-block-group-is-layout-constrained\" style=\"margin-top:0;margin-bottom:0\">\n<div style=\"height:var(--wp--preset--spacing--30)\" aria-hidden=\"true\" class=\"wp-block-spacer\"><\/div>\n\n\n\n<div style=\"height:18px\" aria-hidden=\"true\" class=\"wp-block-spacer\"><\/div>\n<\/div>\n\n\n\n<div class=\"wp-block-group alignfull has-global-padding is-layout-constrained wp-block-group-is-layout-constrained\" style=\"margin-top:0;margin-bottom:0\">\n<div class=\"wp-block-query alignwide is-layout-flow wp-block-query-is-layout-flow\"><div class=\"wp-block-query-no-results\">\n\n<h3 class=\"wp-block-heading\">Vertreten durch:<br><\/h3>\n\n\n\n<p>Prof. Dr. Holger Arndt<br>Regensburger Stra\u00dfe 160<br>90478 N\u00fcrnberg<\/p>\n\n\n\n<p><strong>Telefon:<\/strong> 0911 5302 554 <\/p>\n\n\n\n<p><strong>E-Mail: <\/strong><a href=\"mailto:holger.arndt@fau.de\">holger.arndt@fau.de<\/a><\/p>\n\n\n\n<div style=\"height:32px\" aria-hidden=\"true\" class=\"wp-block-spacer\"><\/div>\n\n\n\n<h3 class=\"wp-block-heading\">Redaktion und technische Ansprechpartnerin:<\/h3>\n\n\n\n<p>Tabea S\u00f6hnlein<br><strong>E-Mail:<\/strong> tabea.soehnlein@fau.de<\/p>\n\n\n\n<div style=\"height:39px\" aria-hidden=\"true\" class=\"wp-block-spacer\"><\/div>\n\n\n\n<h3 class=\"wp-block-heading\">Hinweis:<br><\/h3>\n\n\n\n<p>Dieses Webangebot wird vom Projekt \u201eK\u00fcnstliche Intelligenz und finanzielle Bildung\u201c betrieben und nicht auf den Servern der Friedrich-Alexander-Universit\u00e4t gehostet.<br>Das Projekt ist inhaltlich am Lehrstuhl Didaktik Wirtschaft und Recht der Friedrich-Alexander-Universit\u00e4t angesiedelt.<\/p>\n\n\n\n<div style=\"height:33px\" aria-hidden=\"true\" class=\"wp-block-spacer\"><\/div>\n\n\n\n<h3 class=\"wp-block-heading\">Haftung f\u00fcr Inhalte:<br><\/h3>\n\n\n\n<p>Die Inhalte dieser Seiten wurden mit gr\u00f6\u00dfter Sorgfalt erstellt. F\u00fcr die Richtigkeit, Vollst\u00e4ndigkeit und Aktualit\u00e4t der Inhalte \u00fcbernehmen wir keine Gew\u00e4hr.<\/p>\n\n\n\n<div style=\"height:31px\" aria-hidden=\"true\" class=\"wp-block-spacer\"><\/div>\n\n\n\n<h3 class=\"wp-block-heading\">Haftung f\u00fcr Links:<br><\/h3>\n\n\n\n<p>Trotz sorgf\u00e4ltiger inhaltlicher Kontrolle \u00fcbernehmen wir keine Haftung f\u00fcr die Inhalte externer Links. F\u00fcr den Inhalt der verlinkten Seiten sind ausschlie\u00dflich deren Betreiber verantwortlich.<\/p>\n\n\n\n<div style=\"height:33px\" aria-hidden=\"true\" class=\"wp-block-spacer\"><\/div>\n\n\n\n<h3 class=\"wp-block-heading\">Urheberrecht:<br><\/h3>\n\n\n\n<p>Die durch die Seitenbetreiber erstellten Inhalte und Werke auf diesen Seiten unterliegen dem deutschen Urheberrecht. Eine Vervielf\u00e4ltigung, Bearbeitung, Verbreitung oder jede Art der Verwertung au\u00dferhalb der Grenzen des Urheberrechts bedarf der schriftlichen Zustimmung der jeweiligen Autorinnen und Autoren.<\/p>\n\n\n\n<div style=\"height:31px\" aria-hidden=\"true\" class=\"wp-block-spacer\"><\/div>\n\n\n\n<h3 class=\"wp-block-heading\">Barrierefreiheit:<\/h3>\n\n\n\n<p>Wir bem\u00fchen uns, diese Website im Einklang mit den geltenden Bestimmungen zur digitalen Barrierefreiheit nutzbar zu gestalten.<br>Sollten Ihnen Barrieren oder Einschr\u00e4nkungen bei der Nutzung auffallen, freuen wir uns \u00fcber einen Hinweis an tabea.soehnlein@fau.de.<br>Wir pr\u00fcfen die Anregungen und bem\u00fchen uns, bestehende Barrieren zu beseitigen.<\/p>\n\n<\/div><\/div>\n\n\n\n<hr class=\"wp-block-separator alignfull has-alpha-channel-opacity\"\/>\n\n\n\n<div style=\"height:var(--wp--preset--spacing--30)\" aria-hidden=\"true\" class=\"wp-block-spacer\"><\/div>\n<\/div>\n\n\n\n<p><\/p>\n","protected":false},"excerpt":{"rendered":"","protected":false},"author":1,"featured_media":0,"parent":0,"menu_order":0,"comment_status":"closed","ping_status":"closed","template":"","meta":{"footnotes":""},"class_list":["post-28","page","type-page","status-publish","hentry"],"_links":{"self":[{"href":"https:\/\/kifb.info\/index.php\/wp-json\/wp\/v2\/pages\/28","targetHints":{"allow":["GET"]}}],"collection":[{"href":"https:\/\/kifb.info\/index.php\/wp-json\/wp\/v2\/pages"}],"about":[{"href":"https:\/\/kifb.info\/index.php\/wp-json\/wp\/v2\/types\/page"}],"author":[{"embeddable":true,"href":"https:\/\/kifb.info\/index.php\/wp-json\/wp\/v2\/users\/1"}],"replies":[{"embeddable":true,"href":"https:\/\/kifb.info\/index.php\/wp-json\/wp\/v2\/comments?post=28"}],"version-history":[{"count":17,"href":"https:\/\/kifb.info\/index.php\/wp-json\/wp\/v2\/pages\/28\/revisions"}],"predecessor-version":[{"id":184,"href":"https:\/\/kifb.info\/index.php\/wp-json\/wp\/v2\/pages\/28\/revisions\/184"}],"wp:attachment":[{"href":"https:\/\/kifb.info\/index.php\/wp-json\/wp\/v2\/media?parent=28"}],"curies":[{"name":"wp","href":"https:\/\/api.w.org\/{rel}","templated":true}]}}