{"id":14,"date":"2025-10-23T10:33:11","date_gmt":"2025-10-23T10:33:11","guid":{"rendered":"https:\/\/kifb.info\/?page_id=14"},"modified":"2025-11-07T09:11:29","modified_gmt":"2025-11-07T09:11:29","slug":"lernen-mit-ki-individuell-inklusiv-innovativ","status":"publish","type":"page","link":"https:\/\/kifb.info\/","title":{"rendered":"K\u00fcnstliche Intelligenz und finanzielle Bildung (KIfB)"},"content":{"rendered":"\n<div style=\"height:46px\" aria-hidden=\"true\" class=\"wp-block-spacer\"><\/div>\n\n\n\n<div class=\"wp-block-group alignfull has-global-padding is-layout-constrained wp-block-group-is-layout-constrained\" style=\"margin-top:0;margin-bottom:0;padding-top:var(--wp--preset--spacing--50);padding-bottom:var(--wp--preset--spacing--50)\">\n<div class=\"wp-block-columns alignwide is-layout-flex wp-container-core-columns-is-layout-fa584acd wp-block-columns-is-layout-flex\">\n<div class=\"wp-block-column is-vertically-aligned-center is-layout-flow wp-block-column-is-layout-flow\">\n<h2 class=\"wp-block-heading has-xx-large-font-size\">Lernen mit KI- individuell, inklusiv, innovativ<\/h2>\n<\/div>\n\n\n\n<div class=\"wp-block-column is-vertically-aligned-center is-layout-flow wp-block-column-is-layout-flow\">\n<figure class=\"wp-block-image size-full\"><img loading=\"lazy\" decoding=\"async\" width=\"1792\" height=\"1024\" src=\"https:\/\/kifb.info\/wp-content\/uploads\/2025\/10\/DALL\u00b7E-2025-10-23-12.20.49-Minimalist-and-elegant-homepage-banner-image-in-grey-white-and-blue-tones-focused-on-financial-education-and-artificial-intelligence.-No-robots-no.webp\" alt=\"\" class=\"wp-image-199\" style=\"aspect-ratio:16\/9;object-fit:cover\" srcset=\"https:\/\/kifb.info\/wp-content\/uploads\/2025\/10\/DALL\u00b7E-2025-10-23-12.20.49-Minimalist-and-elegant-homepage-banner-image-in-grey-white-and-blue-tones-focused-on-financial-education-and-artificial-intelligence.-No-robots-no.webp 1792w, https:\/\/kifb.info\/wp-content\/uploads\/2025\/10\/DALL\u00b7E-2025-10-23-12.20.49-Minimalist-and-elegant-homepage-banner-image-in-grey-white-and-blue-tones-focused-on-financial-education-and-artificial-intelligence.-No-robots-no-300x171.webp 300w, https:\/\/kifb.info\/wp-content\/uploads\/2025\/10\/DALL\u00b7E-2025-10-23-12.20.49-Minimalist-and-elegant-homepage-banner-image-in-grey-white-and-blue-tones-focused-on-financial-education-and-artificial-intelligence.-No-robots-no-1024x585.webp 1024w, https:\/\/kifb.info\/wp-content\/uploads\/2025\/10\/DALL\u00b7E-2025-10-23-12.20.49-Minimalist-and-elegant-homepage-banner-image-in-grey-white-and-blue-tones-focused-on-financial-education-and-artificial-intelligence.-No-robots-no-768x439.webp 768w, https:\/\/kifb.info\/wp-content\/uploads\/2025\/10\/DALL\u00b7E-2025-10-23-12.20.49-Minimalist-and-elegant-homepage-banner-image-in-grey-white-and-blue-tones-focused-on-financial-education-and-artificial-intelligence.-No-robots-no-1536x878.webp 1536w\" sizes=\"auto, (max-width: 1792px) 100vw, 1792px\" \/><\/figure>\n<\/div>\n<\/div>\n<\/div>\n\n\n\n<div class=\"wp-block-group alignfull is-layout-flow wp-block-group-is-layout-flow\">\n<h2 class=\"wp-block-heading has-text-align-center has-x-large-font-size\" style=\"padding-top:var(--wp--preset--spacing--20);padding-right:0;padding-bottom:var(--wp--preset--spacing--20);padding-left:0\">Wir entwickeln und testen Chatbots, die finanzielle Bildung, f\u00fcr verschiedene Zielgruppen,  verst\u00e4ndlicher, pers\u00f6nlicher und zug\u00e4nglicher machen.<\/h2>\n\n\n\n<div style=\"height:39px\" aria-hidden=\"true\" class=\"wp-block-spacer\"><\/div>\n<\/div>\n\n\n\n<div class=\"wp-block-group alignfull has-global-padding is-layout-constrained wp-block-group-is-layout-constrained\" style=\"margin-top:0;margin-bottom:0\">\n<div class=\"wp-block-group alignwide has-global-padding is-layout-constrained wp-block-group-is-layout-constrained\">\n<div class=\"wp-block-group alignwide is-layout-flow wp-block-group-is-layout-flow\">\n<div class=\"wp-block-columns is-layout-flex wp-container-core-columns-is-layout-28f84493 wp-block-columns-is-layout-flex\">\n<div class=\"wp-block-column is-layout-flow wp-block-column-is-layout-flow\">\n<div class=\"wp-block-columns is-layout-flex wp-container-core-columns-is-layout-28f84493 wp-block-columns-is-layout-flex\">\n<div class=\"wp-block-column is-style-default has-border-color has-contrast-border-color has-medium-font-size has-global-padding is-layout-constrained wp-container-core-column-is-layout-ecaef362 wp-block-column-is-layout-constrained\" style=\"border-width:10px;border-radius:20px;padding-top:var(--wp--preset--spacing--30);padding-right:10px;padding-bottom:var(--wp--preset--spacing--30);padding-left:10px\">\n<h6 class=\"wp-block-heading\">Sch\u00fcler*innen<\/h6>\n\n\n\n<p>Wie gehe ich mit meinem Geld um? Unser Chatbot unterst\u00fctzt Jugendliche dabei, Kostenfallen zu erkennen und Finanzentscheidungen zu verstehen.<\/p>\n\n\n\n<div class=\"wp-block-buttons is-horizontal is-layout-flex wp-container-core-buttons-is-layout-8746c6d3 wp-block-buttons-is-layout-flex\" style=\"margin-top:50px;margin-bottom:50px\">\n<div class=\"wp-block-button\"><a class=\"wp-block-button__link wp-element-button\" href=\"https:\/\/kifb.info\/?page_id=44&amp;preview=true\" style=\"border-width:6px;border-radius:20px;padding-top:var(--wp--preset--spacing--20);padding-right:var(--wp--preset--spacing--20);padding-bottom:var(--wp--preset--spacing--20);padding-left:var(--wp--preset--spacing--20)\">Mehr erfahren<\/a><\/div>\n<\/div>\n<\/div>\n\n\n\n<div class=\"wp-block-column has-medium-font-size has-global-padding is-layout-constrained wp-container-core-column-is-layout-fc031741 wp-block-column-is-layout-constrained\" style=\"border-width:10px;border-radius:20px;padding-top:var(--wp--preset--spacing--30);padding-right:var(--wp--preset--spacing--20);padding-bottom:var(--wp--preset--spacing--30);padding-left:var(--wp--preset--spacing--20)\">\n<h6 class=\"wp-block-heading\">Migrant*innen<\/h6>\n\n\n\n<p>Finanzthemen verst\u00e4ndlich erkl\u00e4rt \u2013 u.a. auf Deutsch, Englisch, Arabisch und Ukrainisch. Der Chatbot hilft beim Einstieg in die finanzielle Selbstst\u00e4ndigkeit.<\/p>\n\n\n\n<div class=\"wp-block-buttons is-horizontal is-content-justification-left is-layout-flex wp-container-core-buttons-is-layout-de34f429 wp-block-buttons-is-layout-flex\" style=\"margin-top:var(--wp--preset--spacing--50);margin-bottom:var(--wp--preset--spacing--50)\">\n<div class=\"wp-block-button\"><a class=\"wp-block-button__link wp-element-button\" href=\"https:\/\/kifb.info\/?page_id=46&amp;preview=true\" style=\"border-width:6px;border-radius:20px;padding-top:var(--wp--preset--spacing--20);padding-right:var(--wp--preset--spacing--20);padding-bottom:var(--wp--preset--spacing--20);padding-left:var(--wp--preset--spacing--20)\">Mehr erfahren<\/a><\/div>\n<\/div>\n<\/div>\n\n\n\n<div class=\"wp-block-column has-medium-font-size has-global-padding is-layout-constrained wp-container-core-column-is-layout-fc031741 wp-block-column-is-layout-constrained\" style=\"border-width:10px;border-radius:20px;padding-top:var(--wp--preset--spacing--30);padding-right:var(--wp--preset--spacing--20);padding-bottom:var(--wp--preset--spacing--30);padding-left:var(--wp--preset--spacing--20)\">\n<h6 class=\"wp-block-heading\">Menschen mit \u00dcberschuldungsrisiko<\/h6>\n\n\n\n<p>Der Chatbot bietet einfache Informationen und erste Unterst\u00fctzung bei Schuldenfragen \u2013 rund um die Verbraucherinsolvenz oder Zahlungsr\u00fcckst\u00e4nde.<\/p>\n\n\n\n<div class=\"wp-block-buttons is-vertical is-content-justification-left is-layout-flex wp-container-core-buttons-is-layout-3547b299 wp-block-buttons-is-layout-flex\" style=\"margin-top:36px;margin-bottom:36px\">\n<div class=\"wp-block-button is-style-fill\"><a class=\"wp-block-button__link has-text-align-left wp-element-button\" href=\"https:\/\/kifb.info\/?page_id=59&amp;preview=true\" style=\"border-width:6px;border-radius:20px;padding-top:var(--wp--preset--spacing--20);padding-right:10px;padding-bottom:var(--wp--preset--spacing--20);padding-left:10px\">Mehr erfahren<\/a><\/div>\n<\/div>\n<\/div>\n\n\n\n<div class=\"wp-block-column has-medium-font-size has-global-padding is-layout-constrained wp-container-core-column-is-layout-fc031741 wp-block-column-is-layout-constrained\" style=\"border-width:10px;border-radius:20px;padding-top:var(--wp--preset--spacing--30);padding-right:var(--wp--preset--spacing--20);padding-bottom:var(--wp--preset--spacing--30);padding-left:var(--wp--preset--spacing--20)\">\n<h6 class=\"wp-block-heading\">Fit f\u00fcr den Ruhestand<\/h6>\n\n\n\n<p>Wie kann ich mich f\u00fcr das Alter finanziell absichern? Der Chatbot erkl\u00e4rt Wege der Altersvorsorge verst\u00e4ndlich und individuell.<\/p>\n\n\n\n<div style=\"height:14px\" aria-hidden=\"true\" class=\"wp-block-spacer\"><\/div>\n\n\n\n<div class=\"wp-block-buttons is-content-justification-left is-layout-flex wp-container-core-buttons-is-layout-d20f23ea wp-block-buttons-is-layout-flex\" style=\"margin-top:53px;margin-bottom:53px\">\n<div class=\"wp-block-button is-style-fill\"><a class=\"wp-block-button__link wp-element-button\" href=\"https:\/\/kifb.info\/?page_id=61&amp;preview=true\" style=\"border-width:6px;border-radius:20px;padding-top:var(--wp--preset--spacing--20);padding-right:var(--wp--preset--spacing--20);padding-bottom:var(--wp--preset--spacing--20);padding-left:var(--wp--preset--spacing--20)\">Mehr erfahren<\/a><\/div>\n<\/div>\n<\/div>\n<\/div>\n<\/div>\n<\/div>\n\n\n\n<div style=\"height:32px\" aria-hidden=\"true\" class=\"wp-block-spacer\"><\/div>\n\n\n\n<p class=\"has-large-font-size\">KIfB &#8211; K\u00fcnstliche Intelligenz und finanzielle Bildung. <br>Ein Projekt des Lehrstuhls Didaktik Wirtschaft und Recht<br>Friedrich-Alexander-Universit\u00e4t-Erlangen-N\u00fcrnberg<br><br><strong>In Kooperation mit:<\/strong><br>Stiftung Deutschland im Plus<br>Schuldnerhilfe K\u00f6ln<br>Evangelischen Schuldnerberatung der Diakonie D\u00fcsseldorf<br>InsiderPie<\/p>\n\n\n\n<div style=\"height:6px\" aria-hidden=\"true\" class=\"wp-block-spacer\"><\/div>\n\n\n\n<div class=\"wp-block-buttons is-layout-flex wp-container-core-buttons-is-layout-a53380d3 wp-block-buttons-is-layout-flex\">\n<div class=\"wp-block-button\"><a class=\"wp-block-button__link wp-element-button\" href=\"https:\/\/kifb.info\/?page_id=66&amp;preview=true\">Zum Team und unseren Partnern<\/a><\/div>\n<\/div>\n\n\n\n<div style=\"height:15px\" aria-hidden=\"true\" class=\"wp-block-spacer\"><\/div>\n\n\n\n<p class=\"has-large-font-size\">Gef\u00f6rdert durch: Das Bundesministerium f\u00fcr Bildung, Familie, Senioren, Frauen und Jugend<\/p>\n\n\n\n<p class=\"has-small-font-size\"><\/p>\n<\/div>\n<\/div>\n<\/div>\n","protected":false},"excerpt":{"rendered":"<p>Lernen mit KI- individuell, inklusiv, innovativ Wir entwickeln und testen Chatbots, die finanzielle Bildung, f\u00fcr verschiedene Zielgruppen, verst\u00e4ndlicher, pers\u00f6nlicher und zug\u00e4nglicher machen. Sch\u00fcler*innen Wie gehe ich mit meinem Geld um? Unser Chatbot unterst\u00fctzt Jugendliche dabei, Kostenfallen zu erkennen und Finanzentscheidungen zu verstehen. Migrant*innen Finanzthemen verst\u00e4ndlich erkl\u00e4rt \u2013 u.a. auf Deutsch, Englisch, Arabisch und Ukrainisch. Der [&hellip;]<\/p>\n","protected":false},"author":1,"featured_media":0,"parent":0,"menu_order":0,"comment_status":"closed","ping_status":"closed","template":"","meta":{"footnotes":""},"class_list":["post-14","page","type-page","status-publish","hentry"],"_links":{"self":[{"href":"https:\/\/kifb.info\/index.php\/wp-json\/wp\/v2\/pages\/14","targetHints":{"allow":["GET"]}}],"collection":[{"href":"https:\/\/kifb.info\/index.php\/wp-json\/wp\/v2\/pages"}],"about":[{"href":"https:\/\/kifb.info\/index.php\/wp-json\/wp\/v2\/types\/page"}],"author":[{"embeddable":true,"href":"https:\/\/kifb.info\/index.php\/wp-json\/wp\/v2\/users\/1"}],"replies":[{"embeddable":true,"href":"https:\/\/kifb.info\/index.php\/wp-json\/wp\/v2\/comments?post=14"}],"version-history":[{"count":60,"href":"https:\/\/kifb.info\/index.php\/wp-json\/wp\/v2\/pages\/14\/revisions"}],"predecessor-version":[{"id":242,"href":"https:\/\/kifb.info\/index.php\/wp-json\/wp\/v2\/pages\/14\/revisions\/242"}],"wp:attachment":[{"href":"https:\/\/kifb.info\/index.php\/wp-json\/wp\/v2\/media?parent=14"}],"curies":[{"name":"wp","href":"https:\/\/api.w.org\/{rel}","templated":true}]}}